{"id":155,"date":"2020-02-03T16:34:38","date_gmt":"2020-02-03T16:34:38","guid":{"rendered":"https:\/\/anxweb.net\/radio\/?page_id=155"},"modified":"2021-05-19T15:29:30","modified_gmt":"2021-05-19T19:29:30","slug":"politica-de-privacidad","status":"publish","type":"page","link":"https:\/\/wiac740.com\/index.php\/politica-de-privacidad\/","title":{"rendered":"Privacidad"},"content":{"rendered":"<div class=\"wpb-content-wrapper\"><div id=\"tdi_1\" class=\"tdc-row\"><div class=\"vc_row tdi_2  wpb_row td-pb-row\" >\n<style scoped>\n\/* custom css - generated by TagDiv Composer *\/\n\n\/* custom css - generated by TagDiv Composer *\/\n\/* custom css - generated by TagDiv Composer *\/\n.tdi_2,\r\n                .tdi_2 .tdc-columns{\r\n                    min-height: 0;\r\n                }.tdi_2,\r\n\t\t\t\t.tdi_2 .tdc-columns{\r\n\t\t\t\t    display: block;\r\n\t\t\t\t}.tdi_2 .tdc-columns{\r\n\t\t\t\t    width: 100%;\r\n\t\t\t\t}\n<\/style><div class=\"vc_column tdi_4  wpb_column vc_column_container tdc-column td-pb-span12\">\n<style scoped>\n\/* custom css - generated by TagDiv Composer *\/\n\n\/* custom css - generated by TagDiv Composer *\/\n\/* custom css - generated by TagDiv Composer *\/\n.tdi_4{\r\n                    vertical-align: baseline;\r\n                }.tdi_4 > .wpb_wrapper,\r\n\t\t\t\t.tdi_4 > .wpb_wrapper > .tdc-elements{\r\n\t\t\t\t    display: block;\r\n\t\t\t\t}.tdi_4 > .wpb_wrapper > .tdc-elements{\r\n\t\t\t\t    width: 100%;\r\n\t\t\t\t}.tdi_4 > .wpb_wrapper > .vc_row_inner{\r\n\t\t\t\t    width: auto;\r\n\t\t\t\t}.tdi_4 > .wpb_wrapper{\r\n\t\t\t\t    width: auto;\r\n\t\t\t\t    height: auto;\r\n\t\t\t\t}\n<\/style><div class=\"wpb_wrapper\" >[vc_column_text]<strong><img loading=\"lazy\" decoding=\"async\" class=\"alignright wp-image-156 size-full\" src=\"https:\/\/wiac740.com\/wp-content\/uploads\/2020\/02\/website-privacy554x332.png\" alt=\"\" width=\"553\" height=\"331\" srcset=\"https:\/\/wiac740.com\/wp-content\/uploads\/2020\/02\/website-privacy554x332.png 553w, https:\/\/wiac740.com\/wp-content\/uploads\/2020\/02\/website-privacy554x332-300x180.png 300w\" sizes=\"auto, (max-width: 553px) 100vw, 553px\" \/><\/strong>La presente Pol\u00edtica de Privacidad establece los t\u00e9rminos en que <strong>Bestov Broadcasting Inc.<\/strong> utiliza y protege la informaci\u00f3n que es proporcionada por sus usuarios al momento de utilizar su sitio web. Esta empresa est\u00e1 comprometida con la seguridad de los datos de sus usuarios. Cuando le pedimos llenar los campos de informaci\u00f3n personal con la cual usted pueda ser identificado, lo hacemos asegurando que s\u00f3lo se emplear\u00e1 de acuerdo con los t\u00e9rminos de este documento. Sin embargo, esta Pol\u00edtica de Privacidad puede cambiar con el tiempo o ser actualizada, por lo que le recomendamos y enfatizamos revisar continuamente esta p\u00e1gina para asegurarse que est\u00e1 de acuerdo con dichos cambios.\r\n\r\n<strong>POL\u00cdTICA DE PRIVACIDAD\r\n<\/strong>\r\n\r\n<strong>Informaci\u00f3n que es recogida<\/strong>\r\n\r\nNuestro sitio web podr\u00e1 recoger informaci\u00f3n personal, por ejemplo: Nombre, informaci\u00f3n de contacto, como direcci\u00f3n de correo electr\u00f3nico e informaci\u00f3n demogr\u00e1fica. Asimismo, cuando sea necesario podr\u00e1 ser requerida cierta informaci\u00f3n, para prop\u00f3sitos espec\u00edficos, como el caso de ser ganador de alg\u00fan concurso.\r\n\r\n<strong>Uso de la informaci\u00f3n recogida<\/strong>\r\n\r\nNuestro sitio web emplea la informaci\u00f3n con el fin de proporcionar el mejor servicio posible, particularmente para mantener un registro de usuarios, y mantenerlos informados. Es posible que sean enviados correos electr\u00f3nicos peri\u00f3dicamente a trav\u00e9s de nuestro sitio con informaci\u00f3n relevante para usted o que pueda brindarle alg\u00fan beneficio. Estos correos electr\u00f3nicos ser\u00e1n enviados a la direcci\u00f3n que usted proporcione y podr\u00e1n ser cancelados en cualquier momento.\r\n\r\n<strong>Bestov Broadcasting Inc.<\/strong> est\u00e1 altamente comprometida con cumplir el compromiso de mantener su informaci\u00f3n segura. Utilizamos los sistemas m\u00e1s avanzados y los actualizamos constantemente para asegurarnos que no exista ning\u00fan acceso no autorizado.\r\n\r\n<strong>Cookies<\/strong>\r\n\r\nUna cookie se refiere a un fichero que es enviado con la finalidad de solicitar permiso para almacenarse en su ordenador, al aceptar dicho fichero se crea y la cookie sirve entonces para tener informaci\u00f3n respecto al tr\u00e1fico web, y tambi\u00e9n facilita las futuras visitas a una web recurrente. Otra funci\u00f3n que tienen las cookies es que con ellas pueden reconocerte individualmente y por tanto brindarte el mejor servicio personalizado.\r\n\r\nNuestro sitio web emplea las cookies para poder identificar las p\u00e1ginas que son visitadas y su frecuencia. Esta informaci\u00f3n es empleada \u00fanicamente para an\u00e1lisis estad\u00edstico, y despu\u00e9s la informaci\u00f3n se elimina de forma permanente. Usted puede eliminar las cookies en cualquier momento desde su ordenador. Las cookies ayudan a proporcionar un mejor servicio de los sitios web, \u00e9stas no dan acceso a informaci\u00f3n de su ordenador ni de usted, a menos de que usted as\u00ed lo quiera y la proporcione directamente. Usted puede aceptar o negar el uso de cookies, sin embargo, la mayor\u00eda de los navegadores aceptan cookies autom\u00e1ticamente, pues sirve para tener una mejor experiencia de navegaci\u00f3n. Tambi\u00e9n usted puede cambiar la configuraci\u00f3n de su ordenador para declinar las cookies, pero si se declinan, es posible que no pueda utilizar algunos de nuestros servicios.\r\n\r\n<strong>Enlaces a Terceros<\/strong>\r\n\r\nEste sitio web pudiera contener enlaces a otros sitios que pudieran ser de su inter\u00e9s. Sin embargo, una vez que usted presione click en estos enlaces y abandone nuestra p\u00e1gina, ya no tenemos control sobre al sitio al que es redirigido, y, por lo tanto, no somos responsables de los t\u00e9rminos o privacidad ni de la protecci\u00f3n de sus datos en esos otros sitios web. Dichos sitios est\u00e1n sujetos a sus propias pol\u00edticas de privacidad, por lo cual es recomendable que los consulte para confirmar que usted est\u00e1 de acuerdo con estas.\r\n\r\n<strong>Control de su informaci\u00f3n personal<\/strong>\r\n\r\nEn cualquier momento usted puede restringir la recopilaci\u00f3n o el uso de la informaci\u00f3n personal que es proporcionada a nuestro sitio web.\r\n\r\nEsta compa\u00f1\u00eda no vender\u00e1, ceder\u00e1 ni distribuir\u00e1 la informaci\u00f3n personal que es recopilada sin su consentimiento. S\u00f3lo se brindar\u00e1 la misma, en caso de que sea requerido por un juez con un orden judicial.\r\n\r\n<strong>Bestov Broadcasting Inc.<\/strong> se reserva el derecho de cambiar los t\u00e9rminos de la presente Pol\u00edtica de Privacidad en cualquier momento.[\/vc_column_text]<\/div><\/div><\/div><\/div><\/div>","protected":false},"excerpt":{"rendered":"[vc_column_text]La presente Pol\u00edtica de Privacidad establece los t\u00e9rminos en que Bestov Broadcasting Inc. utiliza y protege la informaci\u00f3n que es proporcionada por sus usuarios al momento de utilizar su sitio web. Esta empresa est\u00e1 comprometida con la seguridad de los datos de sus usuarios. Cuando le pedimos llenar los campos de informaci\u00f3n personal con la [...]","protected":false},"author":1,"featured_media":0,"parent":0,"menu_order":0,"comment_status":"closed","ping_status":"closed","template":"","meta":{"footnotes":""},"class_list":["post-155","page","type-page","status-publish"],"aioseo_notices":[],"_links":{"self":[{"href":"https:\/\/wiac740.com\/index.php\/wp-json\/wp\/v2\/pages\/155","targetHints":{"allow":["GET"]}}],"collection":[{"href":"https:\/\/wiac740.com\/index.php\/wp-json\/wp\/v2\/pages"}],"about":[{"href":"https:\/\/wiac740.com\/index.php\/wp-json\/wp\/v2\/types\/page"}],"author":[{"embeddable":true,"href":"https:\/\/wiac740.com\/index.php\/wp-json\/wp\/v2\/users\/1"}],"replies":[{"embeddable":true,"href":"https:\/\/wiac740.com\/index.php\/wp-json\/wp\/v2\/comments?post=155"}],"version-history":[{"count":0,"href":"https:\/\/wiac740.com\/index.php\/wp-json\/wp\/v2\/pages\/155\/revisions"}],"wp:attachment":[{"href":"https:\/\/wiac740.com\/index.php\/wp-json\/wp\/v2\/media?parent=155"}],"curies":[{"name":"wp","href":"https:\/\/api.w.org\/{rel}","templated":true}]}}